{"id":132622,"date":"2024-03-12T12:16:22","date_gmt":"2024-03-12T11:16:22","guid":{"rendered":"https:\/\/ordrupgaard.dk\/?post_type=product&#038;p=132622"},"modified":"2024-03-12T12:19:46","modified_gmt":"2024-03-12T11:19:46","slug":"impressionism-and-its-overlooked-women","status":"publish","type":"product","link":"https:\/\/ordrupgaard.dk\/en\/shop\/uncategorized\/impressionism-and-its-overlooked-women\/","title":{"rendered":"Impressionism and Its Overlooked Women"},"content":{"rendered":"<p>EXHIBITION CATALOGUE<\/p>\n<p>The exhibition, \u2018Impressionism and its Overlooked Women\u2019 is accompanied by a catalogue with articles on the five women featured in the exhibition written by leading specialists: Sylvie Patry, conservatrice g\u00e9n\u00e9rale du Patrimoine and artistic director of Galerie Mennour Paris; Nancy Mowll Mathews, art historian and senior curator emerita at Williams College; Marie-Caroline Sainsaulieu, art historian and author of the catalogue raisonn\u00e9 about Eva Gonzal\u00e8s; Laurent Man\u0153uvre, art historian and senior researcher at Mus\u00e9e de France under the French Ministry of Culture; and Jeanne Pillon, art historian and head of exhibitions, documentation, and archives at Mus\u00e9e des Beaux-Arts Jules Ch\u00e9ret in Nice.<\/p>\n<p>In addition to this, there is an introduction by Anne-Birgitte Fonsmark, chief consultant, and Dorthe Vangsgaard Nielsen, senior curator, as well as descriptive museum labels written by Rikke Zinck Jensen, museum curator, Ordrupgaard.<\/p>\n<p>&nbsp;<\/p>\n","protected":false},"excerpt":{"rendered":"<p>EXHIBITION CATALOGUE The exhibition, \u2018Impressionism and its Overlooked Women\u2019 is accompanied by a catalogue with articles on the five women featured in the exhibition written by leading specialists: Sylvie Patry, [&hellip;]<\/p>\n","protected":false},"featured_media":132278,"template":"","meta":{"_acf_changed":false},"product_brand":[],"product_cat":[31],"product_tag":[],"class_list":{"0":"post-132622","1":"product","2":"type-product","3":"status-publish","4":"has-post-thumbnail","6":"product_cat-uncategorized","8":"first","9":"instock","10":"taxable","11":"shipping-taxable","12":"purchasable","13":"product-type-simple"},"acf":[],"yoast_head":"<!-- This site is optimized with the Yoast SEO plugin v27.3 - https:\/\/yoast.com\/product\/yoast-seo-wordpress\/ -->\n<title>Impressionism and Its Overlooked Women - Ordrupgaard<\/title>\n<meta name=\"robots\" content=\"index, follow, max-snippet:-1, max-image-preview:large, max-video-preview:-1\" \/>\n<link rel=\"canonical\" href=\"https:\/\/ordrupgaard.dk\/en\/shop\/uncategorized\/impressionism-and-its-overlooked-women\/\" \/>\n<meta property=\"og:locale\" content=\"en_US\" \/>\n<meta property=\"og:type\" content=\"article\" \/>\n<meta property=\"og:title\" content=\"Impressionism and Its Overlooked Women - Ordrupgaard\" \/>\n<meta property=\"og:description\" content=\"EXHIBITION CATALOGUE The exhibition, \u2018Impressionism and its Overlooked Women\u2019 is accompanied by a catalogue with articles on the five women featured in the exhibition written by leading specialists: Sylvie Patry, [&hellip;]\" \/>\n<meta property=\"og:url\" content=\"https:\/\/ordrupgaard.dk\/en\/shop\/uncategorized\/impressionism-and-its-overlooked-women\/\" \/>\n<meta property=\"og:site_name\" content=\"Ordrupgaard\" \/>\n<meta property=\"article:publisher\" content=\"https:\/\/www.facebook.com\/ordrupgaardmuseum\/?locale=da_DK\" \/>\n<meta property=\"article:modified_time\" content=\"2024-03-12T11:19:46+00:00\" \/>\n<meta property=\"og:image\" content=\"https:\/\/ordrupgaard.dk\/wp-content\/uploads\/2024\/03\/uk-storyOrdrupgaard-2419.jpg\" \/>\n\t<meta property=\"og:image:width\" content=\"777\" \/>\n\t<meta property=\"og:image:height\" content=\"1149\" \/>\n\t<meta property=\"og:image:type\" content=\"image\/jpeg\" \/>\n<meta name=\"twitter:card\" content=\"summary_large_image\" \/>\n<meta name=\"twitter:label1\" content=\"Est. reading time\" \/>\n\t<meta name=\"twitter:data1\" content=\"1 minute\" \/>\n<script type=\"application\/ld+json\" class=\"yoast-schema-graph\">{\"@context\":\"https:\\\/\\\/schema.org\",\"@graph\":[{\"@type\":\"WebPage\",\"@id\":\"https:\\\/\\\/ordrupgaard.dk\\\/en\\\/shop\\\/uncategorized\\\/impressionism-and-its-overlooked-women\\\/\",\"url\":\"https:\\\/\\\/ordrupgaard.dk\\\/en\\\/shop\\\/uncategorized\\\/impressionism-and-its-overlooked-women\\\/\",\"name\":\"Impressionism and Its Overlooked Women - Ordrupgaard\",\"isPartOf\":{\"@id\":\"https:\\\/\\\/ordrupgaard.dk\\\/en\\\/#website\"},\"primaryImageOfPage\":{\"@id\":\"https:\\\/\\\/ordrupgaard.dk\\\/en\\\/shop\\\/uncategorized\\\/impressionism-and-its-overlooked-women\\\/#primaryimage\"},\"image\":{\"@id\":\"https:\\\/\\\/ordrupgaard.dk\\\/en\\\/shop\\\/uncategorized\\\/impressionism-and-its-overlooked-women\\\/#primaryimage\"},\"thumbnailUrl\":\"https:\\\/\\\/ordrupgaard.dk\\\/wp-content\\\/uploads\\\/2024\\\/03\\\/uk-storyOrdrupgaard-2419.jpg\",\"datePublished\":\"2024-03-12T11:16:22+00:00\",\"dateModified\":\"2024-03-12T11:19:46+00:00\",\"breadcrumb\":{\"@id\":\"https:\\\/\\\/ordrupgaard.dk\\\/en\\\/shop\\\/uncategorized\\\/impressionism-and-its-overlooked-women\\\/#breadcrumb\"},\"inLanguage\":\"en-US\",\"potentialAction\":[{\"@type\":\"ReadAction\",\"target\":[\"https:\\\/\\\/ordrupgaard.dk\\\/en\\\/shop\\\/uncategorized\\\/impressionism-and-its-overlooked-women\\\/\"]}]},{\"@type\":\"ImageObject\",\"inLanguage\":\"en-US\",\"@id\":\"https:\\\/\\\/ordrupgaard.dk\\\/en\\\/shop\\\/uncategorized\\\/impressionism-and-its-overlooked-women\\\/#primaryimage\",\"url\":\"https:\\\/\\\/ordrupgaard.dk\\\/wp-content\\\/uploads\\\/2024\\\/03\\\/uk-storyOrdrupgaard-2419.jpg\",\"contentUrl\":\"https:\\\/\\\/ordrupgaard.dk\\\/wp-content\\\/uploads\\\/2024\\\/03\\\/uk-storyOrdrupgaard-2419.jpg\",\"width\":777,\"height\":1149},{\"@type\":\"BreadcrumbList\",\"@id\":\"https:\\\/\\\/ordrupgaard.dk\\\/en\\\/shop\\\/uncategorized\\\/impressionism-and-its-overlooked-women\\\/#breadcrumb\",\"itemListElement\":[{\"@type\":\"ListItem\",\"position\":1,\"name\":\"Hjem\",\"item\":\"https:\\\/\\\/ordrupgaard.dk\\\/en\\\/\"},{\"@type\":\"ListItem\",\"position\":2,\"name\":\"Shop\",\"item\":\"https:\\\/\\\/ordrupgaard.dk\\\/en\\\/?page_id=1157\"},{\"@type\":\"ListItem\",\"position\":3,\"name\":\"Impressionism and Its Overlooked Women\"}]},{\"@type\":\"WebSite\",\"@id\":\"https:\\\/\\\/ordrupgaard.dk\\\/en\\\/#website\",\"url\":\"https:\\\/\\\/ordrupgaard.dk\\\/en\\\/\",\"name\":\"Ordrupgaard\",\"description\":\"\",\"publisher\":{\"@id\":\"https:\\\/\\\/ordrupgaard.dk\\\/en\\\/#organization\"},\"potentialAction\":[{\"@type\":\"SearchAction\",\"target\":{\"@type\":\"EntryPoint\",\"urlTemplate\":\"https:\\\/\\\/ordrupgaard.dk\\\/en\\\/?s={search_term_string}\"},\"query-input\":{\"@type\":\"PropertyValueSpecification\",\"valueRequired\":true,\"valueName\":\"search_term_string\"}}],\"inLanguage\":\"en-US\"},{\"@type\":\"Organization\",\"@id\":\"https:\\\/\\\/ordrupgaard.dk\\\/en\\\/#organization\",\"name\":\"Ordrupgaard\",\"url\":\"https:\\\/\\\/ordrupgaard.dk\\\/en\\\/\",\"logo\":{\"@type\":\"ImageObject\",\"inLanguage\":\"en-US\",\"@id\":\"https:\\\/\\\/ordrupgaard.dk\\\/en\\\/#\\\/schema\\\/logo\\\/image\\\/\",\"url\":\"https:\\\/\\\/ordrupgaard.dk\\\/wp-content\\\/uploads\\\/2021\\\/01\\\/ordrupgaard-email-logo.png\",\"contentUrl\":\"https:\\\/\\\/ordrupgaard.dk\\\/wp-content\\\/uploads\\\/2021\\\/01\\\/ordrupgaard-email-logo.png\",\"width\":385,\"height\":36,\"caption\":\"Ordrupgaard\"},\"image\":{\"@id\":\"https:\\\/\\\/ordrupgaard.dk\\\/en\\\/#\\\/schema\\\/logo\\\/image\\\/\"},\"sameAs\":[\"https:\\\/\\\/www.facebook.com\\\/ordrupgaardmuseum\\\/?locale=da_DK\"]}]}<\/script>\n<!-- \/ Yoast SEO plugin. -->","yoast_head_json":{"title":"Impressionism and Its Overlooked Women - Ordrupgaard","robots":{"index":"index","follow":"follow","max-snippet":"max-snippet:-1","max-image-preview":"max-image-preview:large","max-video-preview":"max-video-preview:-1"},"canonical":"https:\/\/ordrupgaard.dk\/en\/shop\/uncategorized\/impressionism-and-its-overlooked-women\/","og_locale":"en_US","og_type":"article","og_title":"Impressionism and Its Overlooked Women - Ordrupgaard","og_description":"EXHIBITION CATALOGUE The exhibition, \u2018Impressionism and its Overlooked Women\u2019 is accompanied by a catalogue with articles on the five women featured in the exhibition written by leading specialists: Sylvie Patry, [&hellip;]","og_url":"https:\/\/ordrupgaard.dk\/en\/shop\/uncategorized\/impressionism-and-its-overlooked-women\/","og_site_name":"Ordrupgaard","article_publisher":"https:\/\/www.facebook.com\/ordrupgaardmuseum\/?locale=da_DK","article_modified_time":"2024-03-12T11:19:46+00:00","og_image":[{"width":777,"height":1149,"url":"https:\/\/ordrupgaard.dk\/wp-content\/uploads\/2024\/03\/uk-storyOrdrupgaard-2419.jpg","type":"image\/jpeg"}],"twitter_card":"summary_large_image","twitter_misc":{"Est. reading time":"1 minute"},"schema":{"@context":"https:\/\/schema.org","@graph":[{"@type":"WebPage","@id":"https:\/\/ordrupgaard.dk\/en\/shop\/uncategorized\/impressionism-and-its-overlooked-women\/","url":"https:\/\/ordrupgaard.dk\/en\/shop\/uncategorized\/impressionism-and-its-overlooked-women\/","name":"Impressionism and Its Overlooked Women - Ordrupgaard","isPartOf":{"@id":"https:\/\/ordrupgaard.dk\/en\/#website"},"primaryImageOfPage":{"@id":"https:\/\/ordrupgaard.dk\/en\/shop\/uncategorized\/impressionism-and-its-overlooked-women\/#primaryimage"},"image":{"@id":"https:\/\/ordrupgaard.dk\/en\/shop\/uncategorized\/impressionism-and-its-overlooked-women\/#primaryimage"},"thumbnailUrl":"https:\/\/ordrupgaard.dk\/wp-content\/uploads\/2024\/03\/uk-storyOrdrupgaard-2419.jpg","datePublished":"2024-03-12T11:16:22+00:00","dateModified":"2024-03-12T11:19:46+00:00","breadcrumb":{"@id":"https:\/\/ordrupgaard.dk\/en\/shop\/uncategorized\/impressionism-and-its-overlooked-women\/#breadcrumb"},"inLanguage":"en-US","potentialAction":[{"@type":"ReadAction","target":["https:\/\/ordrupgaard.dk\/en\/shop\/uncategorized\/impressionism-and-its-overlooked-women\/"]}]},{"@type":"ImageObject","inLanguage":"en-US","@id":"https:\/\/ordrupgaard.dk\/en\/shop\/uncategorized\/impressionism-and-its-overlooked-women\/#primaryimage","url":"https:\/\/ordrupgaard.dk\/wp-content\/uploads\/2024\/03\/uk-storyOrdrupgaard-2419.jpg","contentUrl":"https:\/\/ordrupgaard.dk\/wp-content\/uploads\/2024\/03\/uk-storyOrdrupgaard-2419.jpg","width":777,"height":1149},{"@type":"BreadcrumbList","@id":"https:\/\/ordrupgaard.dk\/en\/shop\/uncategorized\/impressionism-and-its-overlooked-women\/#breadcrumb","itemListElement":[{"@type":"ListItem","position":1,"name":"Hjem","item":"https:\/\/ordrupgaard.dk\/en\/"},{"@type":"ListItem","position":2,"name":"Shop","item":"https:\/\/ordrupgaard.dk\/en\/?page_id=1157"},{"@type":"ListItem","position":3,"name":"Impressionism and Its Overlooked Women"}]},{"@type":"WebSite","@id":"https:\/\/ordrupgaard.dk\/en\/#website","url":"https:\/\/ordrupgaard.dk\/en\/","name":"Ordrupgaard","description":"","publisher":{"@id":"https:\/\/ordrupgaard.dk\/en\/#organization"},"potentialAction":[{"@type":"SearchAction","target":{"@type":"EntryPoint","urlTemplate":"https:\/\/ordrupgaard.dk\/en\/?s={search_term_string}"},"query-input":{"@type":"PropertyValueSpecification","valueRequired":true,"valueName":"search_term_string"}}],"inLanguage":"en-US"},{"@type":"Organization","@id":"https:\/\/ordrupgaard.dk\/en\/#organization","name":"Ordrupgaard","url":"https:\/\/ordrupgaard.dk\/en\/","logo":{"@type":"ImageObject","inLanguage":"en-US","@id":"https:\/\/ordrupgaard.dk\/en\/#\/schema\/logo\/image\/","url":"https:\/\/ordrupgaard.dk\/wp-content\/uploads\/2021\/01\/ordrupgaard-email-logo.png","contentUrl":"https:\/\/ordrupgaard.dk\/wp-content\/uploads\/2021\/01\/ordrupgaard-email-logo.png","width":385,"height":36,"caption":"Ordrupgaard"},"image":{"@id":"https:\/\/ordrupgaard.dk\/en\/#\/schema\/logo\/image\/"},"sameAs":["https:\/\/www.facebook.com\/ordrupgaardmuseum\/?locale=da_DK"]}]}},"_links":{"self":[{"href":"https:\/\/ordrupgaard.dk\/en\/wp-json\/wp\/v2\/product\/132622","targetHints":{"allow":["GET"]}}],"collection":[{"href":"https:\/\/ordrupgaard.dk\/en\/wp-json\/wp\/v2\/product"}],"about":[{"href":"https:\/\/ordrupgaard.dk\/en\/wp-json\/wp\/v2\/types\/product"}],"wp:featuredmedia":[{"embeddable":true,"href":"https:\/\/ordrupgaard.dk\/en\/wp-json\/wp\/v2\/media\/132278"}],"wp:attachment":[{"href":"https:\/\/ordrupgaard.dk\/en\/wp-json\/wp\/v2\/media?parent=132622"}],"wp:term":[{"taxonomy":"product_brand","embeddable":true,"href":"https:\/\/ordrupgaard.dk\/en\/wp-json\/wp\/v2\/product_brand?post=132622"},{"taxonomy":"product_cat","embeddable":true,"href":"https:\/\/ordrupgaard.dk\/en\/wp-json\/wp\/v2\/product_cat?post=132622"},{"taxonomy":"product_tag","embeddable":true,"href":"https:\/\/ordrupgaard.dk\/en\/wp-json\/wp\/v2\/product_tag?post=132622"}],"curies":[{"name":"wp","href":"https:\/\/api.w.org\/{rel}","templated":true}]}}