{"id":6166,"date":"2021-02-03T12:42:52","date_gmt":"2021-02-03T11:42:52","guid":{"rendered":"https:\/\/ordrupgaard.dk\/cafe\/"},"modified":"2024-09-03T11:19:07","modified_gmt":"2024-09-03T09:19:07","slug":"ordrupgaard-cafe","status":"publish","type":"page","link":"https:\/\/ordrupgaard.dk\/en\/ordrupgaard-cafe\/","title":{"rendered":"Caf\u00e9"},"content":{"rendered":"<h1>MONDRUPS AT ORDRUPGAARD<\/h1>\n<p>Ordrupgaard warmly welcomes Maria and Brian Mondrup, who are the new tenants of the caf\u00e9 Mondrups at Ordrupgaard. They already run the caf\u00e9 Format at Design Museum Denmark with great success, as well as Mondrups K\u00f8kken. Fresh ingredients, delicious baked goods and good craftsmanship are the signature of their cuisine.<\/p>\n<p><strong>Opening hours\u00a0<\/strong><\/p>\n<p>Tuesday \u2013 Sunday: 11 am &#8211; 5 pm (the kitchen closes at 4 pm).<\/p>\n<p>Wednesday: 11 am &#8211; 9 pm (the kitchen closes at 8 pm)<\/p>\n<p>\t\t\t<a href=\"https:\/\/ordrupgaard.dk\/wp-content\/uploads\/2024\/09\/SPISEKORT-AUGUST-SEPTEMBER-UK.pdf\"><br \/>\n\t\t\t\t\t\t\t\t\tLUNCH MENU<br \/>\n\t\t\t\t\t<\/a><br \/>\n\t\t\t<a href=\"https:\/\/ordrupgaard.dk\/wp-content\/uploads\/2024\/05\/meny-juni-uk.pdf\"><br \/>\n\t\t\t\t\t\t\t\t\tMENU WEDNESDAY EVENING<br \/>\n\t\t\t\t\t<\/a><br \/>\n\t\t\t<a href=\"https:\/\/cafeordrupgaard.superbexperience.com\/reserve\/experience\"><br \/>\n\t\t\t\t\t\t\t\t\tBOOKING<br \/>\n\t\t\t\t\t<\/a><br \/>\n\t\t\t<a href=\"https:\/\/ordrupgaard.dk\/wp-content\/uploads\/2024\/09\/DRIKKEKORT-AUGUST-SEPTEMBER-UK.pdf\"><br \/>\n\t\t\t\t\t\t\t\t\tDRINKS MENU<br \/>\n\t\t\t\t\t<\/a><\/p>\n<h3>MONDRUPS AT ORDRUPGAARD<\/h3>\n<h5>Telephone: 93 96 99 61 Phone hours 10.30-11:30am and 4:30-5:30pm<br \/>E-mail: ordrupgaard.mondrups@outlook.dk<\/h5>\n<h5>&nbsp;<\/h5>\n<h5>&nbsp;<\/h5>\n","protected":false},"excerpt":{"rendered":"<p>MONDRUPS AT ORDRUPGAARD Ordrupgaard warmly welcomes Maria and Brian Mondrup, who are the new tenants of the caf\u00e9 Mondrups at Ordrupgaard. They already run the caf\u00e9 Format at Design Museum [&hellip;]<\/p>\n","protected":false},"author":40,"featured_media":0,"parent":0,"menu_order":0,"comment_status":"closed","ping_status":"closed","template":"","meta":{"_acf_changed":false,"footnotes":""},"class_list":["post-6166","page","type-page","status-publish","hentry"],"acf":[],"yoast_head":"<!-- This site is optimized with the Yoast SEO plugin v27.3 - https:\/\/yoast.com\/product\/yoast-seo-wordpress\/ -->\n<title>ORDRUPGAARD CAF\u00c9<\/title>\n<meta name=\"robots\" content=\"index, follow, max-snippet:-1, max-image-preview:large, max-video-preview:-1\" \/>\n<link rel=\"canonical\" href=\"https:\/\/ordrupgaard.dk\/en\/ordrupgaard-cafe\/\" \/>\n<meta property=\"og:locale\" content=\"en_US\" \/>\n<meta property=\"og:type\" content=\"article\" \/>\n<meta property=\"og:title\" content=\"ORDRUPGAARD CAF\u00c9\" \/>\n<meta property=\"og:description\" content=\"MONDRUPS AT ORDRUPGAARD Ordrupgaard warmly welcomes Maria and Brian Mondrup, who are the new tenants of the caf\u00e9 Mondrups at Ordrupgaard. They already run the caf\u00e9 Format at Design Museum [&hellip;]\" \/>\n<meta property=\"og:url\" content=\"https:\/\/ordrupgaard.dk\/en\/ordrupgaard-cafe\/\" \/>\n<meta property=\"og:site_name\" content=\"Ordrupgaard\" \/>\n<meta property=\"article:publisher\" content=\"https:\/\/www.facebook.com\/ordrupgaardmuseum\/?locale=da_DK\" \/>\n<meta property=\"article:modified_time\" content=\"2024-09-03T09:19:07+00:00\" \/>\n<meta name=\"twitter:card\" content=\"summary_large_image\" \/>\n<meta name=\"twitter:label1\" content=\"Est. reading time\" \/>\n\t<meta name=\"twitter:data1\" content=\"1 minute\" \/>\n<script type=\"application\/ld+json\" class=\"yoast-schema-graph\">{\"@context\":\"https:\\\/\\\/schema.org\",\"@graph\":[{\"@type\":\"WebPage\",\"@id\":\"https:\\\/\\\/ordrupgaard.dk\\\/en\\\/ordrupgaard-cafe\\\/\",\"url\":\"https:\\\/\\\/ordrupgaard.dk\\\/en\\\/ordrupgaard-cafe\\\/\",\"name\":\"ORDRUPGAARD CAF\u00c9\",\"isPartOf\":{\"@id\":\"https:\\\/\\\/ordrupgaard.dk\\\/en\\\/#website\"},\"datePublished\":\"2021-02-03T11:42:52+00:00\",\"dateModified\":\"2024-09-03T09:19:07+00:00\",\"breadcrumb\":{\"@id\":\"https:\\\/\\\/ordrupgaard.dk\\\/en\\\/ordrupgaard-cafe\\\/#breadcrumb\"},\"inLanguage\":\"en-US\",\"potentialAction\":[{\"@type\":\"ReadAction\",\"target\":[\"https:\\\/\\\/ordrupgaard.dk\\\/en\\\/ordrupgaard-cafe\\\/\"]}]},{\"@type\":\"BreadcrumbList\",\"@id\":\"https:\\\/\\\/ordrupgaard.dk\\\/en\\\/ordrupgaard-cafe\\\/#breadcrumb\",\"itemListElement\":[{\"@type\":\"ListItem\",\"position\":1,\"name\":\"Hjem\",\"item\":\"https:\\\/\\\/ordrupgaard.dk\\\/en\\\/\"},{\"@type\":\"ListItem\",\"position\":2,\"name\":\"Caf\u00e9\"}]},{\"@type\":\"WebSite\",\"@id\":\"https:\\\/\\\/ordrupgaard.dk\\\/en\\\/#website\",\"url\":\"https:\\\/\\\/ordrupgaard.dk\\\/en\\\/\",\"name\":\"Ordrupgaard\",\"description\":\"\",\"publisher\":{\"@id\":\"https:\\\/\\\/ordrupgaard.dk\\\/en\\\/#organization\"},\"potentialAction\":[{\"@type\":\"SearchAction\",\"target\":{\"@type\":\"EntryPoint\",\"urlTemplate\":\"https:\\\/\\\/ordrupgaard.dk\\\/en\\\/?s={search_term_string}\"},\"query-input\":{\"@type\":\"PropertyValueSpecification\",\"valueRequired\":true,\"valueName\":\"search_term_string\"}}],\"inLanguage\":\"en-US\"},{\"@type\":\"Organization\",\"@id\":\"https:\\\/\\\/ordrupgaard.dk\\\/en\\\/#organization\",\"name\":\"Ordrupgaard\",\"url\":\"https:\\\/\\\/ordrupgaard.dk\\\/en\\\/\",\"logo\":{\"@type\":\"ImageObject\",\"inLanguage\":\"en-US\",\"@id\":\"https:\\\/\\\/ordrupgaard.dk\\\/en\\\/#\\\/schema\\\/logo\\\/image\\\/\",\"url\":\"https:\\\/\\\/ordrupgaard.dk\\\/wp-content\\\/uploads\\\/2021\\\/01\\\/ordrupgaard-email-logo.png\",\"contentUrl\":\"https:\\\/\\\/ordrupgaard.dk\\\/wp-content\\\/uploads\\\/2021\\\/01\\\/ordrupgaard-email-logo.png\",\"width\":385,\"height\":36,\"caption\":\"Ordrupgaard\"},\"image\":{\"@id\":\"https:\\\/\\\/ordrupgaard.dk\\\/en\\\/#\\\/schema\\\/logo\\\/image\\\/\"},\"sameAs\":[\"https:\\\/\\\/www.facebook.com\\\/ordrupgaardmuseum\\\/?locale=da_DK\"]}]}<\/script>\n<!-- \/ Yoast SEO plugin. -->","yoast_head_json":{"title":"ORDRUPGAARD CAF\u00c9","robots":{"index":"index","follow":"follow","max-snippet":"max-snippet:-1","max-image-preview":"max-image-preview:large","max-video-preview":"max-video-preview:-1"},"canonical":"https:\/\/ordrupgaard.dk\/en\/ordrupgaard-cafe\/","og_locale":"en_US","og_type":"article","og_title":"ORDRUPGAARD CAF\u00c9","og_description":"MONDRUPS AT ORDRUPGAARD Ordrupgaard warmly welcomes Maria and Brian Mondrup, who are the new tenants of the caf\u00e9 Mondrups at Ordrupgaard. They already run the caf\u00e9 Format at Design Museum [&hellip;]","og_url":"https:\/\/ordrupgaard.dk\/en\/ordrupgaard-cafe\/","og_site_name":"Ordrupgaard","article_publisher":"https:\/\/www.facebook.com\/ordrupgaardmuseum\/?locale=da_DK","article_modified_time":"2024-09-03T09:19:07+00:00","twitter_card":"summary_large_image","twitter_misc":{"Est. reading time":"1 minute"},"schema":{"@context":"https:\/\/schema.org","@graph":[{"@type":"WebPage","@id":"https:\/\/ordrupgaard.dk\/en\/ordrupgaard-cafe\/","url":"https:\/\/ordrupgaard.dk\/en\/ordrupgaard-cafe\/","name":"ORDRUPGAARD CAF\u00c9","isPartOf":{"@id":"https:\/\/ordrupgaard.dk\/en\/#website"},"datePublished":"2021-02-03T11:42:52+00:00","dateModified":"2024-09-03T09:19:07+00:00","breadcrumb":{"@id":"https:\/\/ordrupgaard.dk\/en\/ordrupgaard-cafe\/#breadcrumb"},"inLanguage":"en-US","potentialAction":[{"@type":"ReadAction","target":["https:\/\/ordrupgaard.dk\/en\/ordrupgaard-cafe\/"]}]},{"@type":"BreadcrumbList","@id":"https:\/\/ordrupgaard.dk\/en\/ordrupgaard-cafe\/#breadcrumb","itemListElement":[{"@type":"ListItem","position":1,"name":"Hjem","item":"https:\/\/ordrupgaard.dk\/en\/"},{"@type":"ListItem","position":2,"name":"Caf\u00e9"}]},{"@type":"WebSite","@id":"https:\/\/ordrupgaard.dk\/en\/#website","url":"https:\/\/ordrupgaard.dk\/en\/","name":"Ordrupgaard","description":"","publisher":{"@id":"https:\/\/ordrupgaard.dk\/en\/#organization"},"potentialAction":[{"@type":"SearchAction","target":{"@type":"EntryPoint","urlTemplate":"https:\/\/ordrupgaard.dk\/en\/?s={search_term_string}"},"query-input":{"@type":"PropertyValueSpecification","valueRequired":true,"valueName":"search_term_string"}}],"inLanguage":"en-US"},{"@type":"Organization","@id":"https:\/\/ordrupgaard.dk\/en\/#organization","name":"Ordrupgaard","url":"https:\/\/ordrupgaard.dk\/en\/","logo":{"@type":"ImageObject","inLanguage":"en-US","@id":"https:\/\/ordrupgaard.dk\/en\/#\/schema\/logo\/image\/","url":"https:\/\/ordrupgaard.dk\/wp-content\/uploads\/2021\/01\/ordrupgaard-email-logo.png","contentUrl":"https:\/\/ordrupgaard.dk\/wp-content\/uploads\/2021\/01\/ordrupgaard-email-logo.png","width":385,"height":36,"caption":"Ordrupgaard"},"image":{"@id":"https:\/\/ordrupgaard.dk\/en\/#\/schema\/logo\/image\/"},"sameAs":["https:\/\/www.facebook.com\/ordrupgaardmuseum\/?locale=da_DK"]}]}},"_links":{"self":[{"href":"https:\/\/ordrupgaard.dk\/en\/wp-json\/wp\/v2\/pages\/6166","targetHints":{"allow":["GET"]}}],"collection":[{"href":"https:\/\/ordrupgaard.dk\/en\/wp-json\/wp\/v2\/pages"}],"about":[{"href":"https:\/\/ordrupgaard.dk\/en\/wp-json\/wp\/v2\/types\/page"}],"author":[{"embeddable":true,"href":"https:\/\/ordrupgaard.dk\/en\/wp-json\/wp\/v2\/users\/40"}],"replies":[{"embeddable":true,"href":"https:\/\/ordrupgaard.dk\/en\/wp-json\/wp\/v2\/comments?post=6166"}],"version-history":[{"count":6,"href":"https:\/\/ordrupgaard.dk\/en\/wp-json\/wp\/v2\/pages\/6166\/revisions"}],"predecessor-version":[{"id":136634,"href":"https:\/\/ordrupgaard.dk\/en\/wp-json\/wp\/v2\/pages\/6166\/revisions\/136634"}],"wp:attachment":[{"href":"https:\/\/ordrupgaard.dk\/en\/wp-json\/wp\/v2\/media?parent=6166"}],"curies":[{"name":"wp","href":"https:\/\/api.w.org\/{rel}","templated":true}]}}