{"id":6088,"date":"2020-10-05T15:06:39","date_gmt":"2020-10-05T13:06:39","guid":{"rendered":"https:\/\/ordrupgaard.dk\/?page_id=6088"},"modified":"2021-06-23T11:05:50","modified_gmt":"2021-06-23T09:05:50","slug":"my-account","status":"publish","type":"page","link":"https:\/\/ordrupgaard.dk\/en\/my-account\/","title":{"rendered":"My account"},"content":{"rendered":"\t\t<div data-elementor-type=\"wp-page\" data-elementor-id=\"6088\" class=\"elementor elementor-6088\" data-elementor-post-type=\"page\">\n\t\t\t\t\t\t<section class=\"elementor-section elementor-top-section elementor-element elementor-element-d40da14 elementor-section-boxed elementor-section-height-default elementor-section-height-default\" data-id=\"d40da14\" data-element_type=\"section\" data-e-type=\"section\" data-settings=\"{&quot;background_background&quot;:&quot;classic&quot;}\">\n\t\t\t\t\t\t<div class=\"elementor-container elementor-column-gap-default\">\n\t\t\t\t\t<div class=\"elementor-column elementor-col-100 elementor-top-column elementor-element elementor-element-bbf129f\" data-id=\"bbf129f\" data-element_type=\"column\" data-e-type=\"column\">\n\t\t\t<div class=\"elementor-widget-wrap elementor-element-populated\">\n\t\t\t\t\t\t<div class=\"elementor-element elementor-element-6c05d49 elementor-widget elementor-widget-shortcode\" data-id=\"6c05d49\" data-element_type=\"widget\" data-e-type=\"widget\" data-widget_type=\"shortcode.default\">\n\t\t\t\t<div class=\"elementor-widget-container\">\n\t\t\t\t\t\t\t<div class=\"elementor-shortcode\"><div class=\"woocommerce\"><div class=\"woocommerce-notices-wrapper\"><\/div>\n\n<div class=\"u-columns col2-set\" id=\"customer_login\">\n\n\t<div class=\"u-column1 col-1\">\n\n\n\t\t<h2>Login<\/h2>\n\n\t\t<form class=\"woocommerce-form woocommerce-form-login login\" method=\"post\" novalidate>\n\n\t\t\t\n\t\t\t<p class=\"woocommerce-form-row woocommerce-form-row--wide form-row form-row-wide\">\n\t\t\t\t<label for=\"username\">Username or email address&nbsp;<span class=\"required\" aria-hidden=\"true\">*<\/span><span class=\"screen-reader-text\">Required<\/span><\/label>\n\t\t\t\t<input type=\"text\" class=\"woocommerce-Input woocommerce-Input--text input-text\" name=\"username\" id=\"username\" autocomplete=\"username\" value=\"\" required aria-required=\"true\" \/>\t\t\t<\/p>\n\t\t\t<p class=\"woocommerce-form-row woocommerce-form-row--wide form-row form-row-wide\">\n\t\t\t\t<label for=\"password\">Password&nbsp;<span class=\"required\" aria-hidden=\"true\">*<\/span><span class=\"screen-reader-text\">Required<\/span><\/label>\n\t\t\t\t<input class=\"woocommerce-Input woocommerce-Input--text input-text\" type=\"password\" name=\"password\" id=\"password\" autocomplete=\"current-password\" required aria-required=\"true\" \/>\n\t\t\t<\/p>\n\n\t\t\t\n\t\t\t<p class=\"form-row\">\n\t\t\t\t<label class=\"woocommerce-form__label woocommerce-form__label-for-checkbox woocommerce-form-login__rememberme\">\n\t\t\t\t\t<input class=\"woocommerce-form__input woocommerce-form__input-checkbox\" name=\"rememberme\" type=\"checkbox\" id=\"rememberme\" value=\"forever\" \/> <span>Remember me<\/span>\n\t\t\t\t<\/label>\n\t\t\t\t<input type=\"hidden\" id=\"woocommerce-login-nonce\" name=\"woocommerce-login-nonce\" value=\"0be1788759\" \/><input type=\"hidden\" name=\"_wp_http_referer\" value=\"\/en\/wp-json\/wp\/v2\/pages\/6088\" \/>\t\t\t\t<button type=\"submit\" class=\"woocommerce-button button woocommerce-form-login__submit\" name=\"login\" value=\"Log in\">Log in<\/button>\n\t\t\t<\/p>\n\t\t\t<p class=\"woocommerce-LostPassword lost_password\">\n\t\t\t\t<a href=\"https:\/\/ordrupgaard.dk\/en\/min-konto-2\/lost-password\/\">Lost your password?<\/a>\n\t\t\t<\/p>\n\n\t\t\t\n\t\t<\/form>\n\n\n\t<\/div>\n\n\t<div class=\"u-column2 col-2\">\n\n\t\t<h2>Register<\/h2>\n\n\t\t<form method=\"post\" class=\"woocommerce-form woocommerce-form-register register\"  >\n\n\t\t\t\n\t\t\t\n\t\t\t\t<p class=\"woocommerce-form-row woocommerce-form-row--wide form-row form-row-wide\">\n\t\t\t\t\t<label for=\"reg_username\">Username&nbsp;<span class=\"required\" aria-hidden=\"true\">*<\/span><span class=\"screen-reader-text\">Required<\/span><\/label>\n\t\t\t\t\t<input type=\"text\" class=\"woocommerce-Input woocommerce-Input--text input-text\" name=\"username\" id=\"reg_username\" autocomplete=\"username\" value=\"\" required aria-required=\"true\" \/>\t\t\t\t<\/p>\n\n\t\t\t\n\t\t\t<p class=\"woocommerce-form-row woocommerce-form-row--wide form-row form-row-wide\">\n\t\t\t\t<label for=\"reg_email\">Email address&nbsp;<span class=\"required\" aria-hidden=\"true\">*<\/span><span class=\"screen-reader-text\">Required<\/span><\/label>\n\t\t\t\t<input type=\"email\" class=\"woocommerce-Input woocommerce-Input--text input-text\" name=\"email\" id=\"reg_email\" autocomplete=\"email\" value=\"\" required aria-required=\"true\" \/>\t\t\t<\/p>\n\n\t\t\t\n\t\t\t\t<p class=\"woocommerce-form-row woocommerce-form-row--wide form-row form-row-wide\">\n\t\t\t\t\t<label for=\"reg_password\">Password&nbsp;<span class=\"required\" aria-hidden=\"true\">*<\/span><span class=\"screen-reader-text\">Required<\/span><\/label>\n\t\t\t\t\t<input type=\"password\" class=\"woocommerce-Input woocommerce-Input--text input-text\" name=\"password\" id=\"reg_password\" autocomplete=\"new-password\" required aria-required=\"true\" \/>\n\t\t\t\t<\/p>\n\n\t\t\t\n\t\t\t<wc-order-attribution-inputs><\/wc-order-attribution-inputs><div class=\"woocommerce-privacy-policy-text\"><p>Dine personlige data vil blive anvendt til at underst\u00f8tte din brugeroplevelse p\u00e5 webshoppen, til at administrere adgang til din konto, og til andre form\u00e5l, som er beskrevet i vores <a href=\"https:\/\/ordrupgaard.dk\/persondata-og-cookiepolitik\/\" class=\"woocommerce-privacy-policy-link\" target=\"_blank\">privacy policy<\/a>.<\/p>\n<\/div>\n\t\t\t<p class=\"woocommerce-form-row form-row\">\n\t\t\t\t<input type=\"hidden\" id=\"woocommerce-register-nonce\" name=\"woocommerce-register-nonce\" value=\"f807637abd\" \/><input type=\"hidden\" name=\"_wp_http_referer\" value=\"\/en\/wp-json\/wp\/v2\/pages\/6088\" \/>\t\t\t\t<button type=\"submit\" class=\"woocommerce-Button woocommerce-button button woocommerce-form-register__submit\" name=\"register\" value=\"Register\">Register<\/button>\n\t\t\t<\/p>\n\n\t\t\t\n\t\t<\/form>\n\n\t<\/div>\n\n<\/div>\n\n<\/div><\/div>\n\t\t\t\t\t\t<\/div>\n\t\t\t\t<\/div>\n\t\t\t\t\t<\/div>\n\t\t<\/div>\n\t\t\t\t\t<\/div>\n\t\t<\/section>\n\t\t\t\t<\/div>\n\t\t","protected":false},"excerpt":{"rendered":"","protected":false},"author":40,"featured_media":0,"parent":0,"menu_order":0,"comment_status":"closed","ping_status":"closed","template":"","meta":{"_acf_changed":false,"footnotes":""},"class_list":["post-6088","page","type-page","status-publish","hentry"],"acf":[],"yoast_head":"<!-- This site is optimized with the Yoast SEO plugin v27.3 - https:\/\/yoast.com\/product\/yoast-seo-wordpress\/ -->\n<title>My account - Ordrupgaard<\/title>\n<meta name=\"robots\" content=\"index, follow, max-snippet:-1, max-image-preview:large, max-video-preview:-1\" \/>\n<link rel=\"canonical\" href=\"https:\/\/ordrupgaard.dk\/en\/my-account\/\" \/>\n<meta property=\"og:locale\" content=\"en_US\" \/>\n<meta property=\"og:type\" content=\"article\" \/>\n<meta property=\"og:title\" content=\"My account - Ordrupgaard\" \/>\n<meta property=\"og:url\" content=\"https:\/\/ordrupgaard.dk\/en\/my-account\/\" \/>\n<meta property=\"og:site_name\" content=\"Ordrupgaard\" \/>\n<meta property=\"article:publisher\" content=\"https:\/\/www.facebook.com\/ordrupgaardmuseum\/?locale=da_DK\" \/>\n<meta property=\"article:modified_time\" content=\"2021-06-23T09:05:50+00:00\" \/>\n<meta name=\"twitter:card\" content=\"summary_large_image\" \/>\n<meta name=\"twitter:label1\" content=\"Est. reading time\" \/>\n\t<meta name=\"twitter:data1\" content=\"1 minute\" \/>\n<script type=\"application\/ld+json\" class=\"yoast-schema-graph\">{\"@context\":\"https:\\\/\\\/schema.org\",\"@graph\":[{\"@type\":\"WebPage\",\"@id\":\"https:\\\/\\\/ordrupgaard.dk\\\/en\\\/my-account\\\/\",\"url\":\"https:\\\/\\\/ordrupgaard.dk\\\/en\\\/my-account\\\/\",\"name\":\"My account - Ordrupgaard\",\"isPartOf\":{\"@id\":\"https:\\\/\\\/ordrupgaard.dk\\\/en\\\/#website\"},\"datePublished\":\"2020-10-05T13:06:39+00:00\",\"dateModified\":\"2021-06-23T09:05:50+00:00\",\"breadcrumb\":{\"@id\":\"https:\\\/\\\/ordrupgaard.dk\\\/en\\\/my-account\\\/#breadcrumb\"},\"inLanguage\":\"en-US\",\"potentialAction\":[{\"@type\":\"ReadAction\",\"target\":[\"https:\\\/\\\/ordrupgaard.dk\\\/en\\\/my-account\\\/\"]}]},{\"@type\":\"BreadcrumbList\",\"@id\":\"https:\\\/\\\/ordrupgaard.dk\\\/en\\\/my-account\\\/#breadcrumb\",\"itemListElement\":[{\"@type\":\"ListItem\",\"position\":1,\"name\":\"Hjem\",\"item\":\"https:\\\/\\\/ordrupgaard.dk\\\/en\\\/\"},{\"@type\":\"ListItem\",\"position\":2,\"name\":\"My account\"}]},{\"@type\":\"WebSite\",\"@id\":\"https:\\\/\\\/ordrupgaard.dk\\\/en\\\/#website\",\"url\":\"https:\\\/\\\/ordrupgaard.dk\\\/en\\\/\",\"name\":\"Ordrupgaard\",\"description\":\"\",\"publisher\":{\"@id\":\"https:\\\/\\\/ordrupgaard.dk\\\/en\\\/#organization\"},\"potentialAction\":[{\"@type\":\"SearchAction\",\"target\":{\"@type\":\"EntryPoint\",\"urlTemplate\":\"https:\\\/\\\/ordrupgaard.dk\\\/en\\\/?s={search_term_string}\"},\"query-input\":{\"@type\":\"PropertyValueSpecification\",\"valueRequired\":true,\"valueName\":\"search_term_string\"}}],\"inLanguage\":\"en-US\"},{\"@type\":\"Organization\",\"@id\":\"https:\\\/\\\/ordrupgaard.dk\\\/en\\\/#organization\",\"name\":\"Ordrupgaard\",\"url\":\"https:\\\/\\\/ordrupgaard.dk\\\/en\\\/\",\"logo\":{\"@type\":\"ImageObject\",\"inLanguage\":\"en-US\",\"@id\":\"https:\\\/\\\/ordrupgaard.dk\\\/en\\\/#\\\/schema\\\/logo\\\/image\\\/\",\"url\":\"https:\\\/\\\/ordrupgaard.dk\\\/wp-content\\\/uploads\\\/2021\\\/01\\\/ordrupgaard-email-logo.png\",\"contentUrl\":\"https:\\\/\\\/ordrupgaard.dk\\\/wp-content\\\/uploads\\\/2021\\\/01\\\/ordrupgaard-email-logo.png\",\"width\":385,\"height\":36,\"caption\":\"Ordrupgaard\"},\"image\":{\"@id\":\"https:\\\/\\\/ordrupgaard.dk\\\/en\\\/#\\\/schema\\\/logo\\\/image\\\/\"},\"sameAs\":[\"https:\\\/\\\/www.facebook.com\\\/ordrupgaardmuseum\\\/?locale=da_DK\"]}]}<\/script>\n<!-- \/ Yoast SEO plugin. -->","yoast_head_json":{"title":"My account - Ordrupgaard","robots":{"index":"index","follow":"follow","max-snippet":"max-snippet:-1","max-image-preview":"max-image-preview:large","max-video-preview":"max-video-preview:-1"},"canonical":"https:\/\/ordrupgaard.dk\/en\/my-account\/","og_locale":"en_US","og_type":"article","og_title":"My account - Ordrupgaard","og_url":"https:\/\/ordrupgaard.dk\/en\/my-account\/","og_site_name":"Ordrupgaard","article_publisher":"https:\/\/www.facebook.com\/ordrupgaardmuseum\/?locale=da_DK","article_modified_time":"2021-06-23T09:05:50+00:00","twitter_card":"summary_large_image","twitter_misc":{"Est. reading time":"1 minute"},"schema":{"@context":"https:\/\/schema.org","@graph":[{"@type":"WebPage","@id":"https:\/\/ordrupgaard.dk\/en\/my-account\/","url":"https:\/\/ordrupgaard.dk\/en\/my-account\/","name":"My account - Ordrupgaard","isPartOf":{"@id":"https:\/\/ordrupgaard.dk\/en\/#website"},"datePublished":"2020-10-05T13:06:39+00:00","dateModified":"2021-06-23T09:05:50+00:00","breadcrumb":{"@id":"https:\/\/ordrupgaard.dk\/en\/my-account\/#breadcrumb"},"inLanguage":"en-US","potentialAction":[{"@type":"ReadAction","target":["https:\/\/ordrupgaard.dk\/en\/my-account\/"]}]},{"@type":"BreadcrumbList","@id":"https:\/\/ordrupgaard.dk\/en\/my-account\/#breadcrumb","itemListElement":[{"@type":"ListItem","position":1,"name":"Hjem","item":"https:\/\/ordrupgaard.dk\/en\/"},{"@type":"ListItem","position":2,"name":"My account"}]},{"@type":"WebSite","@id":"https:\/\/ordrupgaard.dk\/en\/#website","url":"https:\/\/ordrupgaard.dk\/en\/","name":"Ordrupgaard","description":"","publisher":{"@id":"https:\/\/ordrupgaard.dk\/en\/#organization"},"potentialAction":[{"@type":"SearchAction","target":{"@type":"EntryPoint","urlTemplate":"https:\/\/ordrupgaard.dk\/en\/?s={search_term_string}"},"query-input":{"@type":"PropertyValueSpecification","valueRequired":true,"valueName":"search_term_string"}}],"inLanguage":"en-US"},{"@type":"Organization","@id":"https:\/\/ordrupgaard.dk\/en\/#organization","name":"Ordrupgaard","url":"https:\/\/ordrupgaard.dk\/en\/","logo":{"@type":"ImageObject","inLanguage":"en-US","@id":"https:\/\/ordrupgaard.dk\/en\/#\/schema\/logo\/image\/","url":"https:\/\/ordrupgaard.dk\/wp-content\/uploads\/2021\/01\/ordrupgaard-email-logo.png","contentUrl":"https:\/\/ordrupgaard.dk\/wp-content\/uploads\/2021\/01\/ordrupgaard-email-logo.png","width":385,"height":36,"caption":"Ordrupgaard"},"image":{"@id":"https:\/\/ordrupgaard.dk\/en\/#\/schema\/logo\/image\/"},"sameAs":["https:\/\/www.facebook.com\/ordrupgaardmuseum\/?locale=da_DK"]}]}},"_links":{"self":[{"href":"https:\/\/ordrupgaard.dk\/en\/wp-json\/wp\/v2\/pages\/6088","targetHints":{"allow":["GET"]}}],"collection":[{"href":"https:\/\/ordrupgaard.dk\/en\/wp-json\/wp\/v2\/pages"}],"about":[{"href":"https:\/\/ordrupgaard.dk\/en\/wp-json\/wp\/v2\/types\/page"}],"author":[{"embeddable":true,"href":"https:\/\/ordrupgaard.dk\/en\/wp-json\/wp\/v2\/users\/40"}],"replies":[{"embeddable":true,"href":"https:\/\/ordrupgaard.dk\/en\/wp-json\/wp\/v2\/comments?post=6088"}],"version-history":[{"count":0,"href":"https:\/\/ordrupgaard.dk\/en\/wp-json\/wp\/v2\/pages\/6088\/revisions"}],"wp:attachment":[{"href":"https:\/\/ordrupgaard.dk\/en\/wp-json\/wp\/v2\/media?parent=6088"}],"curies":[{"name":"wp","href":"https:\/\/api.w.org\/{rel}","templated":true}]}}